{"id":2,"date":"2023-03-07T20:12:42","date_gmt":"2023-03-07T20:12:42","guid":{"rendered":"http:\/\/sprachalarmierung.net\/?page_id=2"},"modified":"2023-10-23T13:28:17","modified_gmt":"2023-10-23T13:28:17","slug":"sample-page","status":"publish","type":"page","link":"https:\/\/sprachalarmierung.net\/","title":{"rendered":""},"content":{"rendered":"\n<p class=\"has-text-align-center has-large-font-size\" style=\"font-style:normal;font-weight:700\"><p class=\"has-text-align-center has-large-font-size\" style=\"font-style: normal; font-weight: bold; text-align: center;\"><strong>Manchmal m\u00fcssen Menschen erreicht werden.<\/strong><\/p><\/p>\n\n\n\n<p class=\"has-text-align-center has-large-font-size\" style=\"font-style:normal;font-weight:700\"><strong>Schnell, unkompliziert und vor allem:<\/strong><\/p>\n\n\n\n<p class=\"has-text-align-center has-large-font-size\" style=\"font-style:normal;font-weight:700\"><p class=\"has-text-align-center has-large-font-size\" style=\"font-style: normal; font-weight: bold; text-align: center;\"><strong>Klar und deutlich!<\/strong><\/p><\/p>\n\n\n\n<p class=\"has-text-align-center\" style=\"font-style:normal;font-weight:700\"><p class=\"has-text-align-center\" style=\"font-style: normal; font-weight: bold; text-align: center;\">Wir kennen alle das Piepen eines Rauchmelders und den Signalton einer Brandmeldeanlage.<\/p>\n<p class=\"has-text-align-center\" style=\"font-style: normal; font-weight: bold; text-align: center;\">Wenn dieses Signal aber kommt: Was ist dann zu tun?<\/p><\/p>\n\n\n\n<p class=\"has-text-align-center\" style=\"font-style:normal;font-weight:700\"><p class=\"has-text-align-center\" style=\"font-style: normal; font-weight: bold; text-align: center;\">Was ist das \u00fcberhaupt f\u00fcr ein Signal?<\/p><\/p>\n\n\n\n<p class=\"has-text-align-center\" style=\"font-style:normal;font-weight:700\"><p class=\"has-text-align-center\" style=\"font-style: normal; font-weight: bold; text-align: center;\">Wo soll ich hin, muss ich \u00fcberhaupt etwas machen?<\/p><\/p>\n\n\n\n<p class=\"has-text-align-center\" style=\"font-style:normal;font-weight:700\"><p class=\"has-text-align-center\" style=\"font-style: normal; font-weight: bold; text-align: center;\">Wie komme ich hier raus?<\/p><\/p>\n\n\n\n<p class=\"has-text-align-center\" style=\"font-style:normal;font-weight:700\"><p class=\"has-text-align-center\" style=\"font-style: normal; font-weight: bold; text-align: center;\">Wasserschaden? Schl\u00e4gerei? Brennt es? Str\u00f6men Gase aus? Vielleicht sogar Terror?<\/p><\/p>\n\n\n\n<p class=\"has-text-align-center\" style=\"font-style:normal;font-weight:700\"><p class=\"has-text-align-center\" style=\"font-style: normal; font-weight: bold; text-align: center;\">Schnell drehen sich die Gedanken der Gewarnten in ung\u00fcnstige Richtungen.<\/p><\/p>\n\n\n\n<p class=\"has-text-align-center\" style=\"font-style:normal;font-weight:700\"><p class=\"has-text-align-center\" style=\"font-style: normal; font-weight: bold; text-align: center;\">Eine Sprachalarmierung soll durch klare Anweisungen mit festgelegten Texten Panik verhindern und eine ruhige und geordnete R\u00e4umung (Evakuierung) des Gebietes sicherstellen.<\/p><\/p>\n\n\n\n<p class=\"has-text-align-center\" style=\"font-style:normal;font-weight:700\"><p class=\"has-text-align-center\" style=\"font-style: normal; font-weight: bold; text-align: center;\">Technisch betrachtet gibt es also eine Einheit, die die Technik bereitstellt. Abspielger\u00e4te f\u00fcr verschiedene Texte und Signale, die Verst\u00e4rkung f\u00fcr den Betrieb von Lautsprechern, die zwingend notwendige Redundanz und nat\u00fcrlich auch die Lautsprecher, die die Texte \u201ean die Leute bringen\u201c.<\/p><\/p>\n\n\n\n<p class=\"has-text-align-center\" style=\"font-style:normal;font-weight:700\"><p class=\"has-text-align-center\" style=\"font-style: normal; font-weight: bold; text-align: center;\">Was ich hier so einfach wie m\u00f6glich zu beschreiben versuche, wird ganz klar und gr\u00fcndlich durch Vorgaben geregelt:<\/p><\/p>\n\n\n\n<p class=\"has-text-align-center\" style=\"font-style:normal;font-weight:700\"><p class=\"has-text-align-center\" style=\"font-style: normal; font-weight: bold; text-align: center;\"><strong><a href=\"https:\/\/www.din.de\/de\/mitwirken\/normenausschuesse\/fnfw\/veroeffentlichungen\/wdc-beuth:din21:102184392\" target=\"_blank\" rel=\"noreferrer noopener\">EN 54-16<\/a><\/strong> &nbsp;<\/p><\/p>\n\n\n\n<p class=\"has-text-align-center\" style=\"font-style:normal;font-weight:700\"><p class=\"has-text-align-center\" style=\"font-style: normal; font-weight: bold; text-align: center;\"><strong><a href=\"http:\/\/www.dr-jordan-design.de\/Download\/Notfallwarnsysteme_DIN60849.pdf\" target=\"_blank\" rel=\"noreferrer noopener\">DIN EN60849<\/a><\/strong><\/p><\/p>\n\n\n\n<p class=\"has-text-align-center\" style=\"font-style:normal;font-weight:700\"><p class=\"has-text-align-center\" style=\"font-style: normal; font-weight: bold; text-align: center;\"><strong><a href=\"https:\/\/d-nb.info\/1058847805\/34\" target=\"_blank\" rel=\"noreferrer noopener\" data-type=\"URL\" data-id=\"https:\/\/d-nb.info\/1058847805\/34\">DIN VDE 0833-4<\/a><\/strong><\/p><\/p>\n\n\n\n<p class=\"has-text-align-center\" style=\"font-style:normal;font-weight:700\"><p class=\"has-text-align-center\" style=\"font-style: normal; font-weight: bold; text-align: center;\">Wir empfehlen uns als Berater und Ausf\u00fchrer bei der Installation von Sprachalarmierungssystemen. Egal ob drinnen oder drau\u00dfen.<\/p><\/p>\n\n\n\n<p class=\"has-text-align-center\" style=\"font-style:normal;font-weight:700\"><p class=\"has-text-align-center\" style=\"font-style: normal; font-weight: bold; text-align: center;\">Die Investition in ein modernes Sprachalarmierungssystem gibt Sicherheit und bewahrt vor Schlimmerem.<\/p><\/p>\n\n\n\n<p class=\"has-text-align-center\" style=\"font-style:normal;font-weight:700\"><p class=\"has-text-align-center\" style=\"font-style: normal; font-weight: bold; text-align: center;\">Lasst Euch von uns beraten!<\/p><\/p>\n\n\n\n<p class=\"has-text-align-center\" style=\"font-style:normal;font-weight:700\"><p class=\"has-text-align-center\" style=\"font-style: normal; font-weight: bold; text-align: center;\">Telefon, E-Mail, WhatsApp: Wir sind f\u00fcr Euch da und informieren gerne!<\/p><\/p>\n","protected":false},"excerpt":{"rendered":"<p>Manchmal m\u00fcssen Menschen erreicht werden. Schnell, unkompliziert und vor allem: Klar und deutlich! Wir kennen alle das Piepen eines Rauchmelders und den Signalton einer Brandmeldeanlage. Wenn dieses Signal aber kommt: Was ist dann zu tun? Was ist das \u00fcberhaupt f\u00fcr ein Signal? Wo soll ich hin, muss ich \u00fcberhaupt etwas machen? Wie komme ich hier [&hellip;]<\/p>\n","protected":false},"author":1,"featured_media":0,"parent":0,"menu_order":0,"comment_status":"closed","ping_status":"open","template":"","meta":{"footnotes":""},"_links":{"self":[{"href":"https:\/\/sprachalarmierung.net\/index.php?rest_route=\/wp\/v2\/pages\/2"}],"collection":[{"href":"https:\/\/sprachalarmierung.net\/index.php?rest_route=\/wp\/v2\/pages"}],"about":[{"href":"https:\/\/sprachalarmierung.net\/index.php?rest_route=\/wp\/v2\/types\/page"}],"author":[{"embeddable":true,"href":"https:\/\/sprachalarmierung.net\/index.php?rest_route=\/wp\/v2\/users\/1"}],"replies":[{"embeddable":true,"href":"https:\/\/sprachalarmierung.net\/index.php?rest_route=%2Fwp%2Fv2%2Fcomments&post=2"}],"version-history":[{"count":15,"href":"https:\/\/sprachalarmierung.net\/index.php?rest_route=\/wp\/v2\/pages\/2\/revisions"}],"predecessor-version":[{"id":113,"href":"https:\/\/sprachalarmierung.net\/index.php?rest_route=\/wp\/v2\/pages\/2\/revisions\/113"}],"wp:attachment":[{"href":"https:\/\/sprachalarmierung.net\/index.php?rest_route=%2Fwp%2Fv2%2Fmedia&parent=2"}],"curies":[{"name":"wp","href":"https:\/\/api.w.org\/{rel}","templated":true}]}}